{"id":4726,"date":"2018-07-18T10:52:30","date_gmt":"2018-07-18T10:52:30","guid":{"rendered":"https:\/\/code-rood.org\/?page_id=4726"},"modified":"2019-01-29T16:37:42","modified_gmt":"2019-01-29T16:37:42","slug":"kamplocatie-en-vervoer","status":"publish","type":"page","link":"https:\/\/code-rood.org\/nl\/kamplocatie-en-vervoer\/","title":{"rendered":"Kamplocatie en vervoer 2018"},"content":{"rendered":"<h2>Het kamp bereiken<\/h2>\n<p class=\"ace-line\">Het adres van de kamplocatie is Dieftilweg 4, <span id=\"u_jsonp_39_z\" class=\"_5xhk\"> 9912 TA Leermens, Nederland.<\/span><\/p>\n<h3 id=\"magicdomid3335\" class=\"ace-line\"><span class=\"b\"><b class=\"\">Lopen\/fietsen<\/b><\/span><\/h3>\n<div id=\"magicdomid3336\" class=\"ace-line\"><span class=\"\">Vanaf het dichtsbijzijnde treinstation, <i class=\"\">Loppersum<\/i>, is het 4 km naar het kamp. Bij het treinstation ga je het spoor over, en vervolgens rechts de <i class=\"\">Bosweg<\/i> op (noord-oostelijke richting), in de richting van het dorp <i class=\"\">Eenum<\/i>. Blijf op de <i class=\"\">Bosweg<\/i>, nadat deze een draai naar rechts maakt neem je de eerste afslag naar links, <i class=\"\">Pastorieweg<\/i>. Doorkruis <i class=\"\">Eenum<\/i>, ga vanaf de <i class=\"\">pastorieweg<\/i> rechts op het <i class=\"\">Kerkpad<\/i>, en volg deze weg naar links zodat je op de <i class=\"\">Poortweg<\/i> komt. Ga over het bruggetje en blijf op de doorgaande weg, <i class=\"\">Schansweg<\/i>, waar wat huizen staan. Blijf deze weg volgen tot een kruispunt (je bent nu zelf naast een sloot). Op dit kruispunt sla je rechtsaf, vervolgens rechtdoor totdat je het kamp ziet <\/span><span class=\"\">(<span class=\"i\"><i class=\"\">Dieftilweg, Leermens<\/i><\/span>). Zie bijgevoegd kaartje.<\/span><\/div>\n<h3 id=\"magicdomid3339\" class=\"ace-line\"><span class=\"b\"><b class=\"\">Openbaar vervoer<\/b><\/span><\/h3>\n<div id=\"magicdomid3340\" class=\"ace-line\"><span class=\"\">Doordeweeks rijdt er een bus vanaf station Loppersum in de richting van het kamp, 2 minuten lopen. Neem bus 561 (perron D) richting Appingedam vanaf station Loppersum, vertrektijden: 07:44, 09:44, 15:44 and 16:44. Na ongeveer 10 minuten stap je uit bij de halte: bushalte <\/span><span class=\"i\"><i class=\"\">Wierdeweg 3, Leermens.<\/i><\/span><span class=\"\">Vanaf de bushalte loop je uit het dorp, richting het zuiden en over een bruggetje, en volg je deze weg totdat je het kamp ziet (<\/span><span class=\"i\"><i class=\"\">Dieftilweg, Leermens<\/i><\/span><span class=\"\">).<\/span><\/div>\n<div class=\"ace-line\">\n<h3><strong>Shuttle-vervoer<\/strong><\/h3>\n<div>Wij stimuleren mensen om zoveel mogelijk (onderling) hun eigen vervoer naar het actiekamp te organiseren. Maar voor mensen die niet zelf naar het actiekamp kunnen komen is er shuttle-vervoer tussen treinstation Loppersum en het kamp. Bel \u00f3f sms jouw tijd van aankomst en het aantal personen naar 06-10062442. Wij streven ernaar jou binnen \u00e9\u00e9n uur na aankomst op te halen!<\/div>\n<div>\n<h3 id=\"magicdomid3337\" class=\"ace-line\"><span class=\"b\"><b class=\"\">Auto<\/b><\/span><\/h3>\n<div id=\"magicdomid3338\" class=\"ace-line\"><span class=\"\">Auto&#8217;s kunnen dezelfde route volgen als lopers\/fietsers, maar volg de Bosweg om Eenum (rode lijn op de kaart). Eenmaal aangekomen bij het kamp is er informatie over parkeerplekken. Houd de wegen vrij.<\/span><\/div>\n<\/div>\n<div><img decoding=\"async\" loading=\"lazy\" class=\"aligncenter size-full wp-image-5664\" src=\"https:\/\/code-rood.org\/wp-content\/uploads\/2018\/08\/kaart.jpg\" alt=\"\" width=\"764\" height=\"460\" srcset=\"https:\/\/code-rood.org\/wp-content\/uploads\/2018\/08\/kaart.jpg 764w, https:\/\/code-rood.org\/wp-content\/uploads\/2018\/08\/kaart-600x361.jpg 600w, https:\/\/code-rood.org\/wp-content\/uploads\/2018\/08\/kaart-300x181.jpg 300w, https:\/\/code-rood.org\/wp-content\/uploads\/2018\/08\/kaart-580x349.jpg 580w\" sizes=\"(max-width: 764px) 100vw, 764px\" \/><\/div>\n<\/div>\n<h2>Vervoer<\/h2>\n<p>Deze Nederlandstalige pagina bevat alleen de reis opties vanuit Nederland. \u00a0Kijk naar de <a href=\"https:\/\/code-rood.org\/index.php\/en\/camp-location-transport\/\">Engelstalige versie voor meer opties vanuit onze buurlanden<\/a>!<br \/>\n<span style=\"font-weight: 400;\">Fietstocht vanuit Utrecht op 22 augustus:<\/span><\/p>\n<ul>\n<li style=\"font-weight: 400;\"><span style=\"font-weight: 400;\">Sluit je aan bij de fietstocht vanuit Engeland<\/span><\/li>\n<li style=\"font-weight: 400;\"><span style=\"font-weight: 400;\">Kosten: 15\u20ac <\/span><\/li>\n<li style=\"font-weight: 400;\">Meld je <a href=\"https:\/\/code-rood.org\/index.php\/nl\/2018\/07\/08\/registratie-fietstocht-van-utrecht-naar-code-rood\">hier<\/a> aan<\/li>\n<\/ul>\n<p><span style=\"font-weight: 400;\">Fietstocht vanuit Nijmegen<\/span><\/p>\n<ul>\n<li style=\"font-weight: 400;\"><span style=\"font-weight: 400;\">Fietsen\u00a0naar\u00a0Code Rood: Van Nijmegen naar Delfzijl<\/span><\/li>\n<li style=\"font-weight: 400;\">Meld je per <a href=\"mailto:Culerollo@gmail.com\">mail<\/a> aan<\/li>\n<\/ul>\n<p>Bus vanaf Utrecht<\/p>\n<ul>\n<li>Bus van Utrecht naar Code Rood actiekamp<\/li>\n<li>Vertrek Utrecht\u00a0op vrijdag 24 augustus om 17.00<\/li>\n<li>Terug op 31 augustus<\/li>\n<li>Kosten: \u20ac10 voor retour ticket<\/li>\n<li>Meld je <a href=\"https:\/\/code-rood.org\/index.php\/nl\/2018\/07\/22\/bus-den-haag-naar-code-rood-actie-camp\/\">hier<\/a> aan<\/li>\n<\/ul>\n<p><span style=\"font-weight: 400;\">Bus vanaf Amsterdam<\/span><\/p>\n<ul>\n<li style=\"font-weight: 400;\"><span style=\"font-weight: 400;\">Bus van Amsterdam naar Code Rood actiekamp<\/span><\/li>\n<li style=\"font-weight: 400;\">Vertrek Amsterdam Sloterdijk op\u00a0zaterdag 25\u00a0augustus om 11.00<\/li>\n<li style=\"font-weight: 400;\"><span style=\"font-weight: 400;\">Terug op 31 augustus<\/span><\/li>\n<li style=\"font-weight: 400;\"><span style=\"font-weight: 400;\">Kosten: \u20ac10 voor retour ticket<\/span><\/li>\n<li style=\"font-weight: 400;\">Meld je <a href=\"https:\/\/code-rood.org\/index.php\/nl\/2018\/07\/16\/registration-bus-amsterdam-naar-code-rood-actie-camp\/\">hier<\/a> aan<\/li>\n<\/ul>\n<p>Organiseer je vervoer zelf via onze Code Rood B\u00f6rse<\/p>\n<ul>\n<li>Ga je met de auto naar het kamp en heb je nog een vrije plek in je auto? Wil je bij iemand in de auto mee rijden of een trein groepsticket organiseren? Dan geef het <a href=\"https:\/\/mehr.aktionsboerse.org\/\">hier <\/a>aan.<\/li>\n<\/ul>\n<p>&nbsp;<\/p>\n","protected":false},"excerpt":{"rendered":"excerpt","protected":false},"author":8,"featured_media":0,"parent":0,"menu_order":0,"comment_status":"closed","ping_status":"closed","template":"","meta":{"episode_type":"","audio_file":"","cover_image":"","cover_image_id":"","duration":"","filesize":"","date_recorded":"","explicit":"","block":"","filesize_raw":"","_price":"","_stock":"","_tribe_ticket_header":"","_tribe_default_ticket_provider":"","_tribe_ticket_capacity":"0","_ticket_start_date":"","_ticket_end_date":"","_tribe_ticket_show_description":"","_tribe_ticket_show_not_going":false,"_tribe_ticket_use_global_stock":"","_tribe_ticket_global_stock_level":"","_global_stock_mode":"","_global_stock_cap":"","_tribe_rsvp_for_event":"","_tribe_ticket_going_count":"","_tribe_ticket_not_going_count":"","_tribe_tickets_list":[],"_tribe_ticket_has_attendee_info_fields":false},"acf":[],"featured_image_src":null,"featured_image_src_square":null,"_links":{"self":[{"href":"https:\/\/code-rood.org\/nl\/wp-json\/wp\/v2\/pages\/4726"}],"collection":[{"href":"https:\/\/code-rood.org\/nl\/wp-json\/wp\/v2\/pages"}],"about":[{"href":"https:\/\/code-rood.org\/nl\/wp-json\/wp\/v2\/types\/page"}],"author":[{"embeddable":true,"href":"https:\/\/code-rood.org\/nl\/wp-json\/wp\/v2\/users\/8"}],"replies":[{"embeddable":true,"href":"https:\/\/code-rood.org\/nl\/wp-json\/wp\/v2\/comments?post=4726"}],"version-history":[{"count":1,"href":"https:\/\/code-rood.org\/nl\/wp-json\/wp\/v2\/pages\/4726\/revisions"}],"predecessor-version":[{"id":7190,"href":"https:\/\/code-rood.org\/nl\/wp-json\/wp\/v2\/pages\/4726\/revisions\/7190"}],"wp:attachment":[{"href":"https:\/\/code-rood.org\/nl\/wp-json\/wp\/v2\/media?parent=4726"}],"curies":[{"name":"wp","href":"https:\/\/api.w.org\/{rel}","templated":true}]}}